{"id":30,"date":"2026-01-27T12:31:19","date_gmt":"2026-01-27T12:31:19","guid":{"rendered":"https:\/\/www.tehoxi.fi\/?page_id=30"},"modified":"2026-03-30T10:30:28","modified_gmt":"2026-03-30T10:30:28","slug":"palvelut","status":"publish","type":"page","link":"https:\/\/www.tehoxi.fi\/index.php\/palvelut\/","title":{"rendered":"PALVELUMME"},"content":{"rendered":"\n<h2 class=\"wp-block-heading has-large-font-size\"><strong>PALVELUMME<\/strong><\/h2>\n\n\n\n<p class=\"has-medium-font-size\">Tehoxi yhdist\u00e4\u00e4 j\u00e4\u00e4kiekkovalmennuksen, teknologian ja suorituskyvyn kehitt\u00e4misen. Tarjoamme mitattavaa, analysoitua ja k\u00e4yt\u00e4nn\u00f6ss\u00e4 toimivaa tukea pelaajille, joukkueille ja organisaatioille.<\/p>\n\n\n\n<h3 class=\"wp-block-heading\"><strong>Tehoxi Challenge<\/strong><\/h3>\n\n\n\n<p class=\"has-medium-font-size\">Hy\u00f6dynn\u00e4mme nykyaikaista mittalaitteistoa j\u00e4\u00e4kiekkovalmennuksessa. Mittaaminen tuo objektiivista tietoa pelaajan kuormituksesta, liikkumisesta ja suoritustehokkuudesta, mik\u00e4 mahdollistaa yksil\u00f6llisemm\u00e4n ja tehokkaamman valmennuksen.<\/p>\n\n\n\n<figure class=\"wp-block-embed is-type-rich is-provider-upotuksen-k-sittelij wp-block-embed-upotuksen-k-sittelij wp-embed-aspect-16-9 wp-has-aspect-ratio\"><div class=\"wp-block-embed__wrapper\">\n<iframe loading=\"lazy\" title=\"Tehoxi challenge - treenit mittalaitteiden avulla\ud83d\udc4a\" width=\"500\" height=\"281\" src=\"https:\/\/www.youtube.com\/embed\/8yD34NN0RFc?feature=oembed\" frameborder=\"0\" allow=\"accelerometer; autoplay; clipboard-write; encrypted-media; gyroscope; picture-in-picture; web-share\" referrerpolicy=\"strict-origin-when-cross-origin\" allowfullscreen><\/iframe>\n<\/div><\/figure>\n\n\n\n<h3 class=\"wp-block-heading\"><strong>Tehoxi Performance<\/strong><\/h3>\n\n\n\n<p class=\"has-medium-font-size\">Tarjoamme kattavat suorituskykymittaukset pelaajille ja joukkueille. Mittaukset tukevat harjoittelun suunnittelua, kehityksen seurantaa sek\u00e4 palautumisen optimointia. Tulokset analysoidaan selke\u00e4sti tuloskortein ja hy\u00f6dynnet\u00e4\u00e4n k\u00e4yt\u00e4nn\u00f6n valmennusty\u00f6ss\u00e4. <\/p>\n\n\n\n<figure class=\"wp-block-embed is-type-rich is-provider-upotuksen-k-sittelij wp-block-embed-upotuksen-k-sittelij wp-embed-aspect-16-9 wp-has-aspect-ratio\"><div class=\"wp-block-embed__wrapper\">\n<iframe loading=\"lazy\" title=\"Tehoxi performance - suorituskykytreenit\" width=\"500\" height=\"281\" src=\"https:\/\/www.youtube.com\/embed\/aAYHPeeyEAI?feature=oembed\" frameborder=\"0\" allow=\"accelerometer; autoplay; clipboard-write; encrypted-media; gyroscope; picture-in-picture; web-share\" referrerpolicy=\"strict-origin-when-cross-origin\" allowfullscreen><\/iframe>\n<\/div><\/figure>\n\n\n\n<p><\/p>\n\n\n\n<h3 class=\"wp-block-heading\"><strong>Mittalaitteiston vuokraus<\/strong><\/h3>\n\n\n\n<p class=\"has-medium-font-size\">Vuokraamme suorituskyvyn mittalaitteistoa joukkueille, seuroille ja tapahtumiin. Saat k\u00e4ytt\u00f6\u00f6si luotettavan teknologian ilman suuria investointeja \u2013 sis\u00e4lt\u00e4en my\u00f6s laitteiden k\u00e4yt\u00f6n opastuksen ja laitteiden huollon. <\/p>\n\n\n\n<h3 class=\"wp-block-heading\"><strong>J\u00e4\u00e4kiekon oheisharjoittelupaikkojen suunnittelu ja toteutus<\/strong><\/h3>\n\n\n\n<p class=\"has-medium-font-size\">Suunnittelemme ja toteutamme j\u00e4\u00e4kiekon oheisharjoitteluun soveltuvia harjoittelupaikkoja, joissa huomioidaan lajin vaatimukset, lajitaidot ja pelaajien kehitysvaihe. Lopputuloksena toimiva ja tarkoituksenmukainen harjoitteluymp\u00e4rist\u00f6 mittalaitteistoineen. <\/p>\n\n\n\n<figure class=\"wp-block-embed is-type-video is-provider-youtube wp-block-embed-youtube wp-embed-aspect-16-9 wp-has-aspect-ratio\"><div class=\"wp-block-embed__wrapper\">\n<iframe loading=\"lazy\" title=\"Modernit j\u00e4\u00e4kiekon oheisharjoittelutilat - kiekonk\u00e4sittely, sy\u00f6t\u00f6t, laukaus, mittaus @tehoxi\" width=\"500\" height=\"281\" src=\"https:\/\/www.youtube.com\/embed\/VIs3mezU2CU?feature=oembed\" frameborder=\"0\" allow=\"accelerometer; autoplay; clipboard-write; encrypted-media; gyroscope; picture-in-picture; web-share\" referrerpolicy=\"strict-origin-when-cross-origin\" allowfullscreen><\/iframe>\n<\/div><\/figure>\n\n\n\n<h3 class=\"wp-block-heading\"><strong>Tapahtumat mittalaitteineen<\/strong><\/h3>\n\n\n\n<p class=\"has-medium-font-size\">Toteutamme tapahtumia, testip\u00e4ivi\u00e4 ja leirej\u00e4 mittalaitteistoineen. Palvelu sopii esimerkiksi seuroille, akatemioille ja urheilu-, yksityis-  ja yritystapahtumiin, joissa halutaan yhdist\u00e4\u00e4 el\u00e4myksellisyys ja mitattava suorituskyky s\u00e4ilytt\u00e4en yhdess\u00e4 tekemisen hauskuus.<\/p>\n\n\n\n<p class=\"has-medium-font-size\"><strong>Ota yhteytt\u00e4 saadaksesi tarjouksen tarpeisiinne sopivasta paketista!<\/strong><\/p>\n\n\n\n<ul class=\"wp-block-social-links is-layout-flex wp-block-social-links-is-layout-flex\"><\/ul>\n","protected":false},"excerpt":{"rendered":"<p>PALVELUMME Tehoxi yhdist\u00e4\u00e4 j\u00e4\u00e4kiekkovalmennuksen, teknologian ja suorituskyvyn kehitt\u00e4misen. Tarjoamme mitattavaa, analysoitua ja k\u00e4yt\u00e4nn\u00f6ss\u00e4 toimivaa tukea pelaajille, joukkueille ja organisaatioille. Tehoxi [&hellip;]<\/p>\n","protected":false},"author":1,"featured_media":0,"parent":0,"menu_order":2,"comment_status":"closed","ping_status":"closed","template":"","meta":{"site-sidebar-layout":"default","site-content-layout":"","ast-site-content-layout":"default","site-content-style":"default","site-sidebar-style":"default","ast-global-header-display":"","ast-banner-title-visibility":"","ast-main-header-display":"","ast-hfb-above-header-display":"","ast-hfb-below-header-display":"","ast-hfb-mobile-header-display":"","site-post-title":"disabled","ast-breadcrumbs-content":"","ast-featured-img":"","footer-sml-layout":"","ast-disable-related-posts":"","theme-transparent-header-meta":"","adv-header-id-meta":"","stick-header-meta":"","header-above-stick-meta":"","header-main-stick-meta":"","header-below-stick-meta":"","astra-migrate-meta-layouts":"default","ast-page-background-enabled":"default","ast-page-background-meta":{"desktop":{"background-color":"var(--ast-global-color-5)","background-image":"","background-repeat":"repeat","background-position":"center center","background-size":"auto","background-attachment":"scroll","background-type":"","background-media":"","overlay-type":"","overlay-color":"","overlay-opacity":"","overlay-gradient":""},"tablet":{"background-color":"","background-image":"","background-repeat":"repeat","background-position":"center center","background-size":"auto","background-attachment":"scroll","background-type":"","background-media":"","overlay-type":"","overlay-color":"","overlay-opacity":"","overlay-gradient":""},"mobile":{"background-color":"","background-image":"","background-repeat":"repeat","background-position":"center center","background-size":"auto","background-attachment":"scroll","background-type":"","background-media":"","overlay-type":"","overlay-color":"","overlay-opacity":"","overlay-gradient":""}},"ast-content-background-meta":{"desktop":{"background-color":"var(--ast-global-color-4)","background-image":"","background-repeat":"repeat","background-position":"center center","background-size":"auto","background-attachment":"scroll","background-type":"","background-media":"","overlay-type":"","overlay-color":"","overlay-opacity":"","overlay-gradient":""},"tablet":{"background-color":"var(--ast-global-color-4)","background-image":"","background-repeat":"repeat","background-position":"center center","background-size":"auto","background-attachment":"scroll","background-type":"","background-media":"","overlay-type":"","overlay-color":"","overlay-opacity":"","overlay-gradient":""},"mobile":{"background-color":"var(--ast-global-color-4)","background-image":"","background-repeat":"repeat","background-position":"center center","background-size":"auto","background-attachment":"scroll","background-type":"","background-media":"","overlay-type":"","overlay-color":"","overlay-opacity":"","overlay-gradient":""}},"footnotes":""},"class_list":["post-30","page","type-page","status-publish","hentry"],"yoast_head":"<!-- This site is optimized with the Yoast SEO plugin v27.5 - https:\/\/yoast.com\/product\/yoast-seo-wordpress\/ -->\n<title>PALVELUMME -<\/title>\n<meta name=\"robots\" content=\"index, follow, max-snippet:-1, max-image-preview:large, max-video-preview:-1\" \/>\n<link rel=\"canonical\" href=\"https:\/\/www.tehoxi.fi\/index.php\/palvelut\/\" \/>\n<meta property=\"og:locale\" content=\"fi_FI\" \/>\n<meta property=\"og:type\" content=\"article\" \/>\n<meta property=\"og:title\" content=\"PALVELUMME -\" \/>\n<meta property=\"og:description\" content=\"PALVELUMME Tehoxi yhdist\u00e4\u00e4 j\u00e4\u00e4kiekkovalmennuksen, teknologian ja suorituskyvyn kehitt\u00e4misen. Tarjoamme mitattavaa, analysoitua ja k\u00e4yt\u00e4nn\u00f6ss\u00e4 toimivaa tukea pelaajille, joukkueille ja organisaatioille. Tehoxi [&hellip;]\" \/>\n<meta property=\"og:url\" content=\"https:\/\/www.tehoxi.fi\/index.php\/palvelut\/\" \/>\n<meta property=\"article:publisher\" content=\"https:\/\/www.facebook.com\/profile.php?id=61587145053471\" \/>\n<meta property=\"article:modified_time\" content=\"2026-03-30T10:30:28+00:00\" \/>\n<meta name=\"twitter:card\" content=\"summary_large_image\" \/>\n<meta name=\"twitter:label1\" content=\"Arvioitu lukuaika\" \/>\n\t<meta name=\"twitter:data1\" content=\"1 minuutti\" \/>\n<script type=\"application\/ld+json\" class=\"yoast-schema-graph\">{\"@context\":\"https:\\\/\\\/schema.org\",\"@graph\":[{\"@type\":\"WebPage\",\"@id\":\"https:\\\/\\\/www.tehoxi.fi\\\/index.php\\\/palvelut\\\/\",\"url\":\"https:\\\/\\\/www.tehoxi.fi\\\/index.php\\\/palvelut\\\/\",\"name\":\"PALVELUMME -\",\"isPartOf\":{\"@id\":\"https:\\\/\\\/www.tehoxi.fi\\\/#website\"},\"datePublished\":\"2026-01-27T12:31:19+00:00\",\"dateModified\":\"2026-03-30T10:30:28+00:00\",\"breadcrumb\":{\"@id\":\"https:\\\/\\\/www.tehoxi.fi\\\/index.php\\\/palvelut\\\/#breadcrumb\"},\"inLanguage\":\"fi\",\"potentialAction\":[{\"@type\":\"ReadAction\",\"target\":[\"https:\\\/\\\/www.tehoxi.fi\\\/index.php\\\/palvelut\\\/\"]}]},{\"@type\":\"BreadcrumbList\",\"@id\":\"https:\\\/\\\/www.tehoxi.fi\\\/index.php\\\/palvelut\\\/#breadcrumb\",\"itemListElement\":[{\"@type\":\"ListItem\",\"position\":1,\"name\":\"Etusivu\",\"item\":\"https:\\\/\\\/www.tehoxi.fi\\\/\"},{\"@type\":\"ListItem\",\"position\":2,\"name\":\"PALVELUMME\"}]},{\"@type\":\"WebSite\",\"@id\":\"https:\\\/\\\/www.tehoxi.fi\\\/#website\",\"url\":\"https:\\\/\\\/www.tehoxi.fi\\\/\",\"name\":\"Tehoxi\",\"description\":\"\",\"publisher\":{\"@id\":\"https:\\\/\\\/www.tehoxi.fi\\\/#organization\"},\"potentialAction\":[{\"@type\":\"SearchAction\",\"target\":{\"@type\":\"EntryPoint\",\"urlTemplate\":\"https:\\\/\\\/www.tehoxi.fi\\\/?s={search_term_string}\"},\"query-input\":{\"@type\":\"PropertyValueSpecification\",\"valueRequired\":true,\"valueName\":\"search_term_string\"}}],\"inLanguage\":\"fi\"},{\"@type\":\"Organization\",\"@id\":\"https:\\\/\\\/www.tehoxi.fi\\\/#organization\",\"name\":\"Tehoxi Oy\",\"url\":\"https:\\\/\\\/www.tehoxi.fi\\\/\",\"logo\":{\"@type\":\"ImageObject\",\"inLanguage\":\"fi\",\"@id\":\"https:\\\/\\\/www.tehoxi.fi\\\/#\\\/schema\\\/logo\\\/image\\\/\",\"url\":\"https:\\\/\\\/www.tehoxi.fi\\\/wp-content\\\/uploads\\\/2026\\\/01\\\/Tehoxi-Logo-scaled.jpg\",\"contentUrl\":\"https:\\\/\\\/www.tehoxi.fi\\\/wp-content\\\/uploads\\\/2026\\\/01\\\/Tehoxi-Logo-scaled.jpg\",\"width\":2560,\"height\":1708,\"caption\":\"Tehoxi Oy\"},\"image\":{\"@id\":\"https:\\\/\\\/www.tehoxi.fi\\\/#\\\/schema\\\/logo\\\/image\\\/\"},\"sameAs\":[\"https:\\\/\\\/www.facebook.com\\\/profile.php?id=61587145053471\"]}]}<\/script>\n<!-- \/ Yoast SEO plugin. -->","yoast_head_json":{"title":"PALVELUMME -","robots":{"index":"index","follow":"follow","max-snippet":"max-snippet:-1","max-image-preview":"max-image-preview:large","max-video-preview":"max-video-preview:-1"},"canonical":"https:\/\/www.tehoxi.fi\/index.php\/palvelut\/","og_locale":"fi_FI","og_type":"article","og_title":"PALVELUMME -","og_description":"PALVELUMME Tehoxi yhdist\u00e4\u00e4 j\u00e4\u00e4kiekkovalmennuksen, teknologian ja suorituskyvyn kehitt\u00e4misen. Tarjoamme mitattavaa, analysoitua ja k\u00e4yt\u00e4nn\u00f6ss\u00e4 toimivaa tukea pelaajille, joukkueille ja organisaatioille. Tehoxi [&hellip;]","og_url":"https:\/\/www.tehoxi.fi\/index.php\/palvelut\/","article_publisher":"https:\/\/www.facebook.com\/profile.php?id=61587145053471","article_modified_time":"2026-03-30T10:30:28+00:00","twitter_card":"summary_large_image","twitter_misc":{"Arvioitu lukuaika":"1 minuutti"},"schema":{"@context":"https:\/\/schema.org","@graph":[{"@type":"WebPage","@id":"https:\/\/www.tehoxi.fi\/index.php\/palvelut\/","url":"https:\/\/www.tehoxi.fi\/index.php\/palvelut\/","name":"PALVELUMME -","isPartOf":{"@id":"https:\/\/www.tehoxi.fi\/#website"},"datePublished":"2026-01-27T12:31:19+00:00","dateModified":"2026-03-30T10:30:28+00:00","breadcrumb":{"@id":"https:\/\/www.tehoxi.fi\/index.php\/palvelut\/#breadcrumb"},"inLanguage":"fi","potentialAction":[{"@type":"ReadAction","target":["https:\/\/www.tehoxi.fi\/index.php\/palvelut\/"]}]},{"@type":"BreadcrumbList","@id":"https:\/\/www.tehoxi.fi\/index.php\/palvelut\/#breadcrumb","itemListElement":[{"@type":"ListItem","position":1,"name":"Etusivu","item":"https:\/\/www.tehoxi.fi\/"},{"@type":"ListItem","position":2,"name":"PALVELUMME"}]},{"@type":"WebSite","@id":"https:\/\/www.tehoxi.fi\/#website","url":"https:\/\/www.tehoxi.fi\/","name":"Tehoxi","description":"","publisher":{"@id":"https:\/\/www.tehoxi.fi\/#organization"},"potentialAction":[{"@type":"SearchAction","target":{"@type":"EntryPoint","urlTemplate":"https:\/\/www.tehoxi.fi\/?s={search_term_string}"},"query-input":{"@type":"PropertyValueSpecification","valueRequired":true,"valueName":"search_term_string"}}],"inLanguage":"fi"},{"@type":"Organization","@id":"https:\/\/www.tehoxi.fi\/#organization","name":"Tehoxi Oy","url":"https:\/\/www.tehoxi.fi\/","logo":{"@type":"ImageObject","inLanguage":"fi","@id":"https:\/\/www.tehoxi.fi\/#\/schema\/logo\/image\/","url":"https:\/\/www.tehoxi.fi\/wp-content\/uploads\/2026\/01\/Tehoxi-Logo-scaled.jpg","contentUrl":"https:\/\/www.tehoxi.fi\/wp-content\/uploads\/2026\/01\/Tehoxi-Logo-scaled.jpg","width":2560,"height":1708,"caption":"Tehoxi Oy"},"image":{"@id":"https:\/\/www.tehoxi.fi\/#\/schema\/logo\/image\/"},"sameAs":["https:\/\/www.facebook.com\/profile.php?id=61587145053471"]}]}},"_links":{"self":[{"href":"https:\/\/www.tehoxi.fi\/index.php\/wp-json\/wp\/v2\/pages\/30","targetHints":{"allow":["GET"]}}],"collection":[{"href":"https:\/\/www.tehoxi.fi\/index.php\/wp-json\/wp\/v2\/pages"}],"about":[{"href":"https:\/\/www.tehoxi.fi\/index.php\/wp-json\/wp\/v2\/types\/page"}],"author":[{"embeddable":true,"href":"https:\/\/www.tehoxi.fi\/index.php\/wp-json\/wp\/v2\/users\/1"}],"replies":[{"embeddable":true,"href":"https:\/\/www.tehoxi.fi\/index.php\/wp-json\/wp\/v2\/comments?post=30"}],"version-history":[{"count":39,"href":"https:\/\/www.tehoxi.fi\/index.php\/wp-json\/wp\/v2\/pages\/30\/revisions"}],"predecessor-version":[{"id":211,"href":"https:\/\/www.tehoxi.fi\/index.php\/wp-json\/wp\/v2\/pages\/30\/revisions\/211"}],"wp:attachment":[{"href":"https:\/\/www.tehoxi.fi\/index.php\/wp-json\/wp\/v2\/media?parent=30"}],"curies":[{"name":"wp","href":"https:\/\/api.w.org\/{rel}","templated":true}]}}